{"id":1585,"date":"2024-05-01T01:01:17","date_gmt":"2024-04-30T23:01:17","guid":{"rendered":"https:\/\/2024new.mountainproguiding.com\/vseobecne-obchodne-podmienky\/"},"modified":"2024-05-02T17:13:46","modified_gmt":"2024-05-02T15:13:46","slug":"terms-and-conditions","status":"publish","type":"page","link":"https:\/\/2024new.mountainproguiding.com\/en\/terms-and-conditions\/","title":{"rendered":"Terms and Conditions"},"content":{"rendered":"<p><div class=\"fusion-fullwidth fullwidth-box fusion-builder-row-1 fusion-flex-container has-pattern-background has-mask-background page-header-container nonhundred-percent-fullwidth non-hundred-percent-height-scrolling\" style=\"--awb-border-radius-top-left:0px;--awb-border-radius-top-right:0px;--awb-border-radius-bottom-right:0px;--awb-border-radius-bottom-left:0px;--awb-padding-top-small:0px;--awb-padding-right-small:0px;--awb-padding-bottom-small:0px;--awb-padding-left-small:0px;--awb-background-color:var(--awb-color4);--awb-flex-wrap:wrap;\" ><div class=\"fusion-builder-row fusion-row fusion-flex-align-items-center fusion-flex-content-wrap\" style=\"max-width:1248px;margin-left: calc(-4% \/ 2 );margin-right: calc(-4% \/ 2 );\"><div class=\"fusion-layout-column fusion_builder_column fusion-builder-column-0 fusion_builder_column_1_2 1_2 fusion-flex-column\" style=\"--awb-bg-size:cover;--awb-width-large:50%;--awb-margin-top-large:0px;--awb-spacing-right-large:3.84%;--awb-margin-bottom-large:0px;--awb-spacing-left-large:3.84%;--awb-width-medium:50%;--awb-order-medium:0;--awb-spacing-right-medium:3.84%;--awb-spacing-left-medium:3.84%;--awb-width-small:100%;--awb-order-small:0;--awb-spacing-right-small:1.92%;--awb-spacing-left-small:1.92%;\" data-scroll-devices=\"small-visibility,medium-visibility,large-visibility\"><div class=\"fusion-column-wrapper fusion-column-has-shadow fusion-flex-justify-content-flex-start fusion-content-layout-column\"><div class=\"fusion-image-element \" style=\"--awb-caption-title-font-family:var(--h2_typography-font-family);--awb-caption-title-font-weight:var(--h2_typography-font-weight);--awb-caption-title-font-style:var(--h2_typography-font-style);--awb-caption-title-size:var(--h2_typography-font-size);--awb-caption-title-transform:var(--h2_typography-text-transform);--awb-caption-title-line-height:var(--h2_typography-line-height);--awb-caption-title-letter-spacing:var(--h2_typography-letter-spacing);\"><span class=\" fusion-imageframe imageframe-none imageframe-1 hover-type-none\"><img decoding=\"async\" width=\"576\" height=\"384\" title=\"obchodne-podmienky-mpg\" src=\"https:\/\/2024new.mountainproguiding.com\/wp-content\/uploads\/2024\/03\/obchodne-podmienky-mpg.jpg\" alt class=\"img-responsive wp-image-744\" srcset=\"https:\/\/2024new.mountainproguiding.com\/wp-content\/uploads\/2024\/03\/obchodne-podmienky-mpg-200x133.jpg 200w, https:\/\/2024new.mountainproguiding.com\/wp-content\/uploads\/2024\/03\/obchodne-podmienky-mpg-400x267.jpg 400w, https:\/\/2024new.mountainproguiding.com\/wp-content\/uploads\/2024\/03\/obchodne-podmienky-mpg.jpg 576w\" sizes=\"(max-width: 640px) 100vw, 576px\" \/><\/span><\/div><\/div><\/div><div class=\"fusion-layout-column fusion_builder_column fusion-builder-column-1 fusion_builder_column_1_2 1_2 fusion-flex-column\" style=\"--awb-padding-top-small:30px;--awb-padding-right-small:20px;--awb-padding-bottom-small:30px;--awb-padding-left-small:20px;--awb-bg-size:cover;--awb-width-large:50%;--awb-margin-top-large:0px;--awb-spacing-right-large:3.84%;--awb-margin-bottom-large:0px;--awb-spacing-left-large:3.84%;--awb-width-medium:50%;--awb-order-medium:0;--awb-spacing-right-medium:3.84%;--awb-spacing-left-medium:3.84%;--awb-width-small:100%;--awb-order-small:0;--awb-spacing-right-small:1.92%;--awb-spacing-left-small:1.92%;\" data-scroll-devices=\"small-visibility,medium-visibility,large-visibility\"><div class=\"fusion-column-wrapper fusion-column-has-shadow fusion-flex-justify-content-flex-start fusion-content-layout-column\"><div class=\"fusion-title title fusion-title-1 fusion-no-small-visibility fusion-sep-none fusion-title-text fusion-title-size-one\"><h1 class=\"fusion-title-heading title-heading-left\" style=\"margin:0;text-transform:uppercase;\">Booking Terms &amp; Conditions, Cancellations &amp; Refunds<\/h1><\/div><div class=\"fusion-title title fusion-title-2 fusion-no-medium-visibility fusion-no-large-visibility fusion-sep-none fusion-title-text fusion-title-size-one\" style=\"--awb-font-size:32px;\"><h1 class=\"fusion-title-heading title-heading-left\" style=\"margin:0;font-size:1em;text-transform:uppercase;\">V\u0161eobecn\u00e9 obchodn\u00e9 podmienky<\/h1><\/div><div class=\"fusion-separator\" style=\"align-self: flex-start;margin-right:auto;margin-top:5px;margin-bottom:20px;width:100%;max-width:80px;\"><div class=\"fusion-separator-border sep-single\" style=\"--awb-height:20px;--awb-amount:20px;border-color:var(--awb-color5);border-top-width:3px;\"><\/div><\/div><div class=\"fusion-text fusion-text-1\"><p>Tour cancellation, cancellation fees, safety, etc.<\/p>\n<\/div><\/div><\/div><\/div><\/div><div class=\"fusion-fullwidth fullwidth-box fusion-builder-row-2 fusion-flex-container has-pattern-background has-mask-background nonhundred-percent-fullwidth non-hundred-percent-height-scrolling\" style=\"--awb-border-radius-top-left:0px;--awb-border-radius-top-right:0px;--awb-border-radius-bottom-right:0px;--awb-border-radius-bottom-left:0px;--awb-margin-top:60px;--awb-margin-top-small:40px;--awb-flex-wrap:wrap;\" ><div class=\"fusion-builder-row fusion-row fusion-flex-align-items-flex-start fusion-flex-justify-content-center fusion-flex-content-wrap\" style=\"max-width:1248px;margin-left: calc(-4% \/ 2 );margin-right: calc(-4% \/ 2 );\"><div class=\"fusion-layout-column fusion_builder_column fusion-builder-column-2 fusion_builder_column_3_4 3_4 fusion-flex-column\" style=\"--awb-bg-size:cover;--awb-width-large:75%;--awb-margin-top-large:0px;--awb-spacing-right-large:2.56%;--awb-margin-bottom-large:0px;--awb-spacing-left-large:2.56%;--awb-width-medium:100%;--awb-order-medium:0;--awb-spacing-right-medium:1.92%;--awb-spacing-left-medium:1.92%;--awb-width-small:100%;--awb-order-small:0;--awb-spacing-right-small:1.92%;--awb-spacing-left-small:1.92%;\" data-scroll-devices=\"small-visibility,medium-visibility,large-visibility\"><div class=\"fusion-column-wrapper fusion-column-has-shadow fusion-flex-justify-content-flex-start fusion-content-layout-column\"><div class=\"fusion-text fusion-text-2\"><h3>Reservation and cancellation fees<\/h3>\n<p>All our activities (ascents to peaks, courses, ski mountaineering tours, teambuilding&#8230;) are booked by filling out a reservation form, sending an e-mail or by phone.<\/p>\n<p>If the client contacts us using the booking form or by e-mail, he will receive a confirmation e-mail from us, in which they will find all the detailed information regarding the reservation and payment.<\/p>\n<p>A binding reservation is confirmed by paying a deposit of 100% of the total amount. The client will be informed by e-mail about the receipt of the payment and at the same time about the confirmation of the reservation.<\/p>\n<h3>Cancellation of hike, ascent, course, teambuilding<\/h3>\n<ul>\n<li>If the tour, team building or course is not realized due to our fault, the client will be refunded the entire amount paid.<\/li>\n<li>If the tour, course or team building does not take place due to unfavorable weather and is canceled in advance, the client has the opportunity to choose an alternative date. If no alternative date suits the client, the full amount will be refunded.<\/li>\n<li>If the tour or course is not realized due to unfavorable weather and the client decides to choose an alternative date, and in the meantime the prices for the course or tour have changed, the client will be charged a supplement to the new price of the course or tour.<\/li>\n<li>If the client cancels the tour or team building 1, 2 or 3 days before the event, he is not entitled to a refund.<\/li>\n<\/ul>\n<h3>Cancellation fees &#8211; Guiding<\/h3>\n<ul>\n<li>If the client changes the date more than 2 times, he will be charged an administration fee of \u20ac20 for each additional change.<\/li>\n<li>If the client cancels the tour 3 days before its start in the off-season and 14 days before its start in the main season (from 1.6. to 31.10.), he will be charged an admin fee &#8211; 100% of the total price.<\/li>\n<li>If the mountain guide (hereinafter referred to as the Guide) comes to the meeting but the tour does not go, the client will be charged an admin fee of \u20ac30.<\/li>\n<li>If the Guide comes to a mountain hut, but the tour is cancelled, the client will be charged an admin fee of \u20ac50.<\/li>\n<li>If the Guide goes on a tour and the tour is canceled before tying the rope, the client will be charged an admin fee &#8211; 50% of the total price.<\/li>\n<li>If the Guide goes on a tour and the tour is canceled after tying the rope, the client will be charged an admin fee &#8211; 100% of the total price.<\/li>\n<li>If the tour is canceled due to insufficient fitness and technical equipment of the client, the client will be charged an admin fee &#8211; 100% of the total price.<\/li>\n<\/ul>\n<h3>Cancellation fees &#8211; Courses<\/h3>\n<ul>\n<li>If the client cancels the course 14 days before its start and does not choose an alternative date, he will be charged an admin fee &#8211; 50% of the total price.<\/li>\n<li>If the client cancels the course 7 days before the start and does not choose an alternative date, he will be charged an admin fee &#8211; 100% of the total price.<\/li>\n<li>If the client cancels the course 4 days before the start, he will be charged an admin fee &#8211; 100% of the total price.<\/li>\n<\/ul>\n<p>The client can find a replacement for himself at any time:<\/p>\n<ul>\n<li>If the course is not filled, Mountain Pro Guiding will return 100% of the total price to the client.<\/li>\n<\/ul>\n<p>The client must complete the course in the given winter season.<\/p>\n<h3>Cancellation fees &#8211; Teambuilding<\/h3>\n<p>If the company sends a binding order for team building and cancels it within 10 days before its start, it will be charged an admin fee &#8211; 50% of the total price.<\/p>\n<h3>Gift Vouchers<\/h3>\n<p>The gift voucher is valid for <strong>one year from the date of purchase<\/strong>. Extension of validity is not possible.<\/p>\n<p>The gifted person, after agreement with us, can choose a date that suits him and is still free in our calendar.<\/p>\n<p>Please <strong>inform the recipient<\/strong> that the voucher is valid for one year from the date of purchase. After expiry, the voucher is invalid.<\/p>\n<ul>\n<li>Mountain Pro Guiding <strong>does not refund<\/strong> the amount paid for the gift voucher.<\/li>\n<\/ul>\n<h3>Company or group tours or other activities<\/h3>\n<p>If the company reserves more than 4 mountain guides for a certain date, the price offer is custom and dealt with individually.<\/p>\n<h3>Safety<\/h3>\n<p>Mountain climbing, ski alpinism and movement in a high mountain environment can be dangerous and it is not possible to completely exclude the risk of injury for objective reasons (falling stones, etc.).<\/p>\n<ul>\n<li>The client is obliged to draw attention to his health problems that could affect the course of the tour, team building or course (epilepsy, heart problems, asthma, etc.) and at the same time acknowledges that he goes at <strong>his own responsibility<\/strong>.<\/li>\n<li>Mountain Pro Guiding reserves the right to modify or reduce the number of people registered for a given activity in the event of an unexpected change in the weather or conditions that may occur in a given period. This means that if it snows or the snow cover persists during the given period, then difficult conditions arise and the mountain guide has the right to reduce the number of people from three to two, especially when climbing any peak in the Tatras or an activity where the safety of clients could be at risk.<\/li>\n<li>The minimum age of children to complete the tour, the course is 7 years.<\/li>\n<li>Mountain Pro Guiding reserves the right to change the location of the hike at any time in case of unsuitable conditions or high avalanche danger. MPG has the right to cancel the tour if the client is not physically and technically fit enough and it endangers the whole group. MPG reserves the right to cancel the tour at any time due to unfavorable conditions.<\/li>\n<\/ul>\n<p>We carry out all ascents to the Tatra peaks in accordance with the valid TANAP visitor regulations.<\/p>\n<h3>Insurance<\/h3>\n<p>Mountain Pro Guiding provides insurance for the intervention of the mountain rescue service for clients in Slovakia free of charge. Outside of Slovakia, the clients are obliged to arrange insurance themselves for all activities.<\/p>\n<h3 style=\"text-align: center;\">Your safety is our priority.<\/h3>\n<\/div><\/div><\/div><\/div><\/div><div class=\"fusion-fullwidth fullwidth-box fusion-builder-row-3 fusion-flex-container has-pattern-background has-mask-background nonhundred-percent-fullwidth non-hundred-percent-height-scrolling\" style=\"--awb-border-radius-top-left:0px;--awb-border-radius-top-right:0px;--awb-border-radius-bottom-right:0px;--awb-border-radius-bottom-left:0px;--awb-padding-top:40px;--awb-padding-bottom:45px;--awb-margin-top:60px;--awb-background-color:var(--awb-color3);--awb-flex-wrap:wrap;\" ><div class=\"fusion-builder-row fusion-row fusion-flex-align-items-center fusion-flex-content-wrap\" style=\"max-width:1248px;margin-left: calc(-4% \/ 2 );margin-right: calc(-4% \/ 2 );\"><div class=\"fusion-layout-column fusion_builder_column fusion-builder-column-3 fusion_builder_column_1_2 1_2 fusion-flex-column\" style=\"--awb-bg-size:cover;--awb-width-large:50%;--awb-margin-top-large:0px;--awb-spacing-right-large:3.84%;--awb-margin-bottom-large:0px;--awb-spacing-left-large:3.84%;--awb-width-medium:50%;--awb-order-medium:0;--awb-spacing-right-medium:3.84%;--awb-spacing-left-medium:3.84%;--awb-width-small:100%;--awb-order-small:0;--awb-spacing-right-small:1.92%;--awb-spacing-left-small:1.92%;\" data-scroll-devices=\"small-visibility,medium-visibility,large-visibility\"><div class=\"fusion-column-wrapper fusion-column-has-shadow fusion-flex-justify-content-flex-start fusion-content-layout-column\"><div class=\"fusion-image-element \" style=\"text-align:center;--awb-mask-url: url(https:\/\/2024new.mountainproguiding.com\/wp-content\/plugins\/fusion-builder\/\/assets\/images\/masks\/mask-12.svg);--awb-max-width:200px;--awb-caption-title-font-family:var(--h2_typography-font-family);--awb-caption-title-font-weight:var(--h2_typography-font-weight);--awb-caption-title-font-style:var(--h2_typography-font-style);--awb-caption-title-size:var(--h2_typography-font-size);--awb-caption-title-transform:var(--h2_typography-text-transform);--awb-caption-title-line-height:var(--h2_typography-line-height);--awb-caption-title-letter-spacing:var(--h2_typography-letter-spacing);\"><span class=\" fusion-imageframe imageframe-none imageframe-2 hover-type-none has-mask\"><img decoding=\"async\" width=\"300\" height=\"300\" title=\"mate-otazku-novy\" src=\"https:\/\/2024new.mountainproguiding.com\/wp-content\/uploads\/2024\/03\/mate-otazku-novy.jpg\" alt class=\"img-responsive wp-image-164\" srcset=\"https:\/\/2024new.mountainproguiding.com\/wp-content\/uploads\/2024\/03\/mate-otazku-novy-200x200.jpg 200w, https:\/\/2024new.mountainproguiding.com\/wp-content\/uploads\/2024\/03\/mate-otazku-novy.jpg 300w\" sizes=\"(max-width: 640px) 100vw, 300px\" \/><\/span><\/div><\/div><\/div><div class=\"fusion-layout-column fusion_builder_column fusion-builder-column-4 fusion_builder_column_1_2 1_2 fusion-flex-column\" style=\"--awb-bg-size:cover;--awb-width-large:50%;--awb-margin-top-large:0px;--awb-spacing-right-large:3.84%;--awb-margin-bottom-large:0px;--awb-spacing-left-large:3.84%;--awb-width-medium:50%;--awb-order-medium:0;--awb-spacing-right-medium:3.84%;--awb-spacing-left-medium:3.84%;--awb-width-small:100%;--awb-order-small:0;--awb-margin-top-small:30px;--awb-spacing-right-small:1.92%;--awb-spacing-left-small:1.92%;\" data-scroll-devices=\"small-visibility,medium-visibility,large-visibility\"><div class=\"fusion-column-wrapper fusion-column-has-shadow fusion-flex-justify-content-flex-start fusion-content-layout-column\"><div class=\"fusion-title title fusion-title-3 fusion-sep-none fusion-title-text fusion-title-size-one\"><h1 class=\"fusion-title-heading title-heading-left\" style=\"margin:0;text-transform:uppercase;\">Have a question?<\/h1><\/div><div class=\"fusion-separator\" style=\"align-self: flex-start;margin-right:auto;margin-top:5px;margin-bottom:20px;width:100%;max-width:80px;\"><div class=\"fusion-separator-border sep-single\" style=\"--awb-height:20px;--awb-amount:20px;border-color:var(--awb-color5);border-top-width:3px;\"><\/div><\/div><div class=\"fusion-text fusion-text-3\"><p>We are happy to advise you, help you choose, or prepare a tailor-made adventure. Live your dream.<\/p>\n<\/div><div ><a class=\"fusion-button button-flat fusion-button-default-size button-default fusion-button-default button-1 fusion-button-default-span fusion-button-default-type\" style=\"--button-border-radius-top-left:0;--button-border-radius-top-right:0;--button-border-radius-bottom-right:0;--button-border-radius-bottom-left:0;\" target=\"_self\" href=\"https:\/\/2024new.mountainproguiding.com\/en\/contact-us\/\"><span class=\"fusion-button-text\">Contact Us<\/span><\/a><\/div><\/div><\/div><\/div><\/div>\n<\/p>\n","protected":false},"excerpt":{"rendered":"","protected":false},"author":1,"featured_media":0,"parent":0,"menu_order":0,"comment_status":"closed","ping_status":"closed","template":"100-width.php","meta":{"footnotes":""},"class_list":["post-1585","page","type-page","status-publish","hentry"],"yoast_head":"<!-- This site is optimized with the Yoast SEO plugin v22.6 - https:\/\/yoast.com\/wordpress\/plugins\/seo\/ -->\n<title>Terms and Conditions, Cancellation Policy - 2024 Mountain Pro Guiding<\/title>\n<meta name=\"robots\" content=\"index, follow, max-snippet:-1, max-image-preview:large, max-video-preview:-1\" \/>\n<link rel=\"canonical\" href=\"https:\/\/2024new.mountainproguiding.com\/en\/terms-and-conditions\/\" \/>\n<meta property=\"og:locale\" content=\"en_US\" \/>\n<meta property=\"og:type\" content=\"article\" \/>\n<meta property=\"og:title\" content=\"Terms and Conditions, Cancellation Policy - 2024 Mountain Pro Guiding\" \/>\n<meta property=\"og:url\" content=\"https:\/\/2024new.mountainproguiding.com\/en\/terms-and-conditions\/\" \/>\n<meta property=\"og:site_name\" content=\"2024 Mountain Pro Guiding\" \/>\n<meta property=\"article:modified_time\" content=\"2024-05-02T15:13:46+00:00\" \/>\n<meta name=\"twitter:card\" content=\"summary_large_image\" \/>\n<meta name=\"twitter:label1\" content=\"Est. reading time\" \/>\n\t<meta name=\"twitter:data1\" content=\"7 minutes\" \/>\n<script type=\"application\/ld+json\" class=\"yoast-schema-graph\">{\"@context\":\"https:\/\/schema.org\",\"@graph\":[{\"@type\":\"WebPage\",\"@id\":\"https:\/\/2024new.mountainproguiding.com\/en\/terms-and-conditions\/\",\"url\":\"https:\/\/2024new.mountainproguiding.com\/en\/terms-and-conditions\/\",\"name\":\"Terms and Conditions, Cancellation Policy - 2024 Mountain Pro Guiding\",\"isPartOf\":{\"@id\":\"https:\/\/2024new.mountainproguiding.com\/#website\"},\"datePublished\":\"2024-04-30T23:01:17+00:00\",\"dateModified\":\"2024-05-02T15:13:46+00:00\",\"breadcrumb\":{\"@id\":\"https:\/\/2024new.mountainproguiding.com\/en\/terms-and-conditions\/#breadcrumb\"},\"inLanguage\":\"en-US\",\"potentialAction\":[{\"@type\":\"ReadAction\",\"target\":[\"https:\/\/2024new.mountainproguiding.com\/en\/terms-and-conditions\/\"]}]},{\"@type\":\"BreadcrumbList\",\"@id\":\"https:\/\/2024new.mountainproguiding.com\/en\/terms-and-conditions\/#breadcrumb\",\"itemListElement\":[{\"@type\":\"ListItem\",\"position\":1,\"name\":\"Domovsk\u00e1 str\u00e1nka\",\"item\":\"https:\/\/2024new.mountainproguiding.com\/en\/\"},{\"@type\":\"ListItem\",\"position\":2,\"name\":\"Terms and Conditions\"}]},{\"@type\":\"WebSite\",\"@id\":\"https:\/\/2024new.mountainproguiding.com\/#website\",\"url\":\"https:\/\/2024new.mountainproguiding.com\/\",\"name\":\"2024 Mountain Pro Guiding\",\"description\":\"Horsk\u00ed vodcovia z Mountain Pro Guiding - Vysok\u00e9 Tatry\",\"potentialAction\":[{\"@type\":\"SearchAction\",\"target\":{\"@type\":\"EntryPoint\",\"urlTemplate\":\"https:\/\/2024new.mountainproguiding.com\/?s={search_term_string}\"},\"query-input\":\"required name=search_term_string\"}],\"inLanguage\":\"en-US\"}]}<\/script>\n<!-- \/ Yoast SEO plugin. -->","yoast_head_json":{"title":"Terms and Conditions, Cancellation Policy - 2024 Mountain Pro Guiding","robots":{"index":"index","follow":"follow","max-snippet":"max-snippet:-1","max-image-preview":"max-image-preview:large","max-video-preview":"max-video-preview:-1"},"canonical":"https:\/\/2024new.mountainproguiding.com\/en\/terms-and-conditions\/","og_locale":"en_US","og_type":"article","og_title":"Terms and Conditions, Cancellation Policy - 2024 Mountain Pro Guiding","og_url":"https:\/\/2024new.mountainproguiding.com\/en\/terms-and-conditions\/","og_site_name":"2024 Mountain Pro Guiding","article_modified_time":"2024-05-02T15:13:46+00:00","twitter_card":"summary_large_image","twitter_misc":{"Est. reading time":"7 minutes"},"schema":{"@context":"https:\/\/schema.org","@graph":[{"@type":"WebPage","@id":"https:\/\/2024new.mountainproguiding.com\/en\/terms-and-conditions\/","url":"https:\/\/2024new.mountainproguiding.com\/en\/terms-and-conditions\/","name":"Terms and Conditions, Cancellation Policy - 2024 Mountain Pro Guiding","isPartOf":{"@id":"https:\/\/2024new.mountainproguiding.com\/#website"},"datePublished":"2024-04-30T23:01:17+00:00","dateModified":"2024-05-02T15:13:46+00:00","breadcrumb":{"@id":"https:\/\/2024new.mountainproguiding.com\/en\/terms-and-conditions\/#breadcrumb"},"inLanguage":"en-US","potentialAction":[{"@type":"ReadAction","target":["https:\/\/2024new.mountainproguiding.com\/en\/terms-and-conditions\/"]}]},{"@type":"BreadcrumbList","@id":"https:\/\/2024new.mountainproguiding.com\/en\/terms-and-conditions\/#breadcrumb","itemListElement":[{"@type":"ListItem","position":1,"name":"Domovsk\u00e1 str\u00e1nka","item":"https:\/\/2024new.mountainproguiding.com\/en\/"},{"@type":"ListItem","position":2,"name":"Terms and Conditions"}]},{"@type":"WebSite","@id":"https:\/\/2024new.mountainproguiding.com\/#website","url":"https:\/\/2024new.mountainproguiding.com\/","name":"2024 Mountain Pro Guiding","description":"Horsk\u00ed vodcovia z Mountain Pro Guiding - Vysok\u00e9 Tatry","potentialAction":[{"@type":"SearchAction","target":{"@type":"EntryPoint","urlTemplate":"https:\/\/2024new.mountainproguiding.com\/?s={search_term_string}"},"query-input":"required name=search_term_string"}],"inLanguage":"en-US"}]}},"_links":{"self":[{"href":"https:\/\/2024new.mountainproguiding.com\/en\/wp-json\/wp\/v2\/pages\/1585","targetHints":{"allow":["GET"]}}],"collection":[{"href":"https:\/\/2024new.mountainproguiding.com\/en\/wp-json\/wp\/v2\/pages"}],"about":[{"href":"https:\/\/2024new.mountainproguiding.com\/en\/wp-json\/wp\/v2\/types\/page"}],"author":[{"embeddable":true,"href":"https:\/\/2024new.mountainproguiding.com\/en\/wp-json\/wp\/v2\/users\/1"}],"replies":[{"embeddable":true,"href":"https:\/\/2024new.mountainproguiding.com\/en\/wp-json\/wp\/v2\/comments?post=1585"}],"version-history":[{"count":1,"href":"https:\/\/2024new.mountainproguiding.com\/en\/wp-json\/wp\/v2\/pages\/1585\/revisions"}],"predecessor-version":[{"id":1865,"href":"https:\/\/2024new.mountainproguiding.com\/en\/wp-json\/wp\/v2\/pages\/1585\/revisions\/1865"}],"wp:attachment":[{"href":"https:\/\/2024new.mountainproguiding.com\/en\/wp-json\/wp\/v2\/media?parent=1585"}],"curies":[{"name":"wp","href":"https:\/\/api.w.org\/{rel}","templated":true}]}}