{"id":1631,"date":"2024-05-01T01:01:04","date_gmt":"2024-04-30T23:01:04","guid":{"rendered":"https:\/\/2024new.mountainproguiding.com\/vodenie\/"},"modified":"2024-05-02T17:14:20","modified_gmt":"2024-05-02T15:14:20","slug":"przewodnictwo-w-gorach","status":"publish","type":"page","link":"https:\/\/2024new.mountainproguiding.com\/pl\/przewodnictwo-w-gorach\/","title":{"rendered":"Przewodnictwo"},"content":{"rendered":"<p><div class=\"fusion-fullwidth fullwidth-box fusion-builder-row-1 fusion-flex-container has-pattern-background has-mask-background page-header-container nonhundred-percent-fullwidth non-hundred-percent-height-scrolling\" style=\"--awb-border-radius-top-left:0px;--awb-border-radius-top-right:0px;--awb-border-radius-bottom-right:0px;--awb-border-radius-bottom-left:0px;--awb-padding-top-small:0px;--awb-padding-right-small:0px;--awb-padding-bottom-small:0px;--awb-padding-left-small:0px;--awb-background-color:var(--awb-color4);--awb-flex-wrap:wrap;\" ><div class=\"fusion-builder-row fusion-row fusion-flex-align-items-center fusion-flex-content-wrap\" style=\"max-width:1248px;margin-left: calc(-4% \/ 2 );margin-right: calc(-4% \/ 2 );\"><div class=\"fusion-layout-column fusion_builder_column fusion-builder-column-0 fusion_builder_column_1_2 1_2 fusion-flex-column\" style=\"--awb-bg-size:cover;--awb-width-large:50%;--awb-margin-top-large:0px;--awb-spacing-right-large:3.84%;--awb-margin-bottom-large:0px;--awb-spacing-left-large:3.84%;--awb-width-medium:50%;--awb-order-medium:0;--awb-spacing-right-medium:3.84%;--awb-spacing-left-medium:3.84%;--awb-width-small:100%;--awb-order-small:0;--awb-spacing-right-small:1.92%;--awb-spacing-left-small:1.92%;\" data-scroll-devices=\"small-visibility,medium-visibility,large-visibility\"><div class=\"fusion-column-wrapper fusion-column-has-shadow fusion-flex-justify-content-flex-start fusion-content-layout-column\"><div class=\"fusion-image-element \" style=\"--awb-caption-title-font-family:var(--h2_typography-font-family);--awb-caption-title-font-weight:var(--h2_typography-font-weight);--awb-caption-title-font-style:var(--h2_typography-font-style);--awb-caption-title-size:var(--h2_typography-font-size);--awb-caption-title-transform:var(--h2_typography-text-transform);--awb-caption-title-line-height:var(--h2_typography-line-height);--awb-caption-title-letter-spacing:var(--h2_typography-letter-spacing);\"><span class=\" fusion-imageframe imageframe-none imageframe-1 hover-type-none\"><img decoding=\"async\" width=\"576\" height=\"384\" title=\"horsky-vodca-na-gerlachu\" src=\"https:\/\/2024new.mountainproguiding.com\/wp-content\/uploads\/2024\/03\/horsky-vodca-na-gerlachu-1.jpg\" alt class=\"img-responsive wp-image-964\" srcset=\"https:\/\/2024new.mountainproguiding.com\/wp-content\/uploads\/2024\/03\/horsky-vodca-na-gerlachu-1-200x133.jpg 200w, https:\/\/2024new.mountainproguiding.com\/wp-content\/uploads\/2024\/03\/horsky-vodca-na-gerlachu-1-400x267.jpg 400w, https:\/\/2024new.mountainproguiding.com\/wp-content\/uploads\/2024\/03\/horsky-vodca-na-gerlachu-1.jpg 576w\" sizes=\"(max-width: 640px) 100vw, 576px\" \/><\/span><\/div><\/div><\/div><div class=\"fusion-layout-column fusion_builder_column fusion-builder-column-1 fusion_builder_column_1_2 1_2 fusion-flex-column\" style=\"--awb-padding-top-small:30px;--awb-padding-right-small:20px;--awb-padding-bottom-small:30px;--awb-padding-left-small:20px;--awb-bg-size:cover;--awb-width-large:50%;--awb-margin-top-large:0px;--awb-spacing-right-large:3.84%;--awb-margin-bottom-large:0px;--awb-spacing-left-large:3.84%;--awb-width-medium:50%;--awb-order-medium:0;--awb-spacing-right-medium:3.84%;--awb-spacing-left-medium:3.84%;--awb-width-small:100%;--awb-order-small:0;--awb-spacing-right-small:1.92%;--awb-spacing-left-small:1.92%;\" data-scroll-devices=\"small-visibility,medium-visibility,large-visibility\"><div class=\"fusion-column-wrapper fusion-column-has-shadow fusion-flex-justify-content-flex-start fusion-content-layout-column\"><div class=\"fusion-title title fusion-title-1 fusion-sep-none fusion-title-text fusion-title-size-one\"><h1 class=\"fusion-title-heading title-heading-left\" style=\"margin:0;text-transform:uppercase;\">Przewodnik g\u00f3rski i przewodnictwo w g\u00f3rach<\/h1><\/div><div class=\"fusion-separator\" style=\"align-self: flex-start;margin-right:auto;margin-top:5px;margin-bottom:20px;width:100%;max-width:80px;\"><div class=\"fusion-separator-border sep-single\" style=\"--awb-height:20px;--awb-amount:20px;border-color:var(--awb-color5);border-top-width:3px;\"><\/div><\/div><div class=\"fusion-text fusion-text-1\"><p>Certyfikowany przewodnik g\u00f3rski to przede wszystkim bezpiecze\u0144stwo klienta w g\u00f3rach.<\/p>\n<p>Jest dla niego przyw\u00f3dc\u0105, nauczycielem, towarzyszem, a czasem nawet najbli\u017cszym przyjacielem. Przez setki lat przewodnika g\u00f3rskiego i klienta stworzy\u0142a silna wi\u0119\u017a, kt\u00f3ra ich \u0142\u0105czy.<\/p>\n<\/div><\/div><\/div><\/div><\/div><div class=\"fusion-fullwidth fullwidth-box fusion-builder-row-2 fusion-flex-container has-pattern-background has-mask-background nonhundred-percent-fullwidth non-hundred-percent-height-scrolling\" style=\"--awb-border-radius-top-left:0px;--awb-border-radius-top-right:0px;--awb-border-radius-bottom-right:0px;--awb-border-radius-bottom-left:0px;--awb-margin-top:40px;--awb-flex-wrap:wrap;\" ><div class=\"fusion-builder-row fusion-row fusion-flex-align-items-center fusion-flex-content-wrap\" style=\"max-width:1248px;margin-left: calc(-4% \/ 2 );margin-right: calc(-4% \/ 2 );\"><div class=\"fusion-layout-column fusion_builder_column fusion-builder-column-2 fusion_builder_column_1_2 1_2 fusion-flex-column\" style=\"--awb-bg-size:cover;--awb-width-large:50%;--awb-margin-top-large:0px;--awb-spacing-right-large:3.84%;--awb-margin-bottom-large:0px;--awb-spacing-left-large:3.84%;--awb-width-medium:50%;--awb-order-medium:0;--awb-spacing-right-medium:3.84%;--awb-spacing-left-medium:3.84%;--awb-width-small:100%;--awb-order-small:0;--awb-spacing-right-small:1.92%;--awb-spacing-left-small:1.92%;\"><div class=\"fusion-column-wrapper fusion-column-has-shadow fusion-flex-justify-content-flex-start fusion-content-layout-column\"><div class=\"fusion-title title fusion-title-2 fusion-sep-none fusion-title-text fusion-title-size-two\"><h2 class=\"fusion-title-heading title-heading-left\" style=\"margin:0;text-transform:uppercase;\">Gdzie p\u00f3jdziemy razem?<\/h2><\/div><div class=\"fusion-separator\" style=\"align-self: flex-start;margin-right:auto;margin-top:0px;margin-bottom:15px;width:100%;max-width:80px;\"><div class=\"fusion-separator-border sep-single\" style=\"--awb-height:20px;--awb-amount:20px;border-color:var(--awb-color5);border-top-width:3px;\"><\/div><\/div><div class=\"fusion-text fusion-text-2\"><p>Nasz\u0105 specjalno\u015bci\u0105 jest przewodnictwo g\u00f3rskie i przez ca\u0142y rok ch\u0119tnie pomo\u017cemy Pa\u0144stwu w <strong>realizacji Waszych marze\u0144<\/strong> i niepowtarzalnych prze\u017cy\u0107.<\/p>\n<p><strong>Wspinaj si\u0119 z nami w Tatry lub w wysokie g\u00f3ry innych kraj\u00f3w lub kontynent\u00f3w.<\/strong><\/p>\n<p>Zanurz si\u0119 w przygodach odkrywaj\u0105c pi\u0119kne naturalne zak\u0105tki i bierz udzia\u0142 w zaj\u0119ciach sportowych, kt\u00f3re nie s\u0105 codzienno\u015bci\u0105.<\/p>\n<\/div><\/div><\/div><div class=\"fusion-layout-column fusion_builder_column fusion-builder-column-3 fusion_builder_column_1_2 1_2 fusion-flex-column\" style=\"--awb-bg-size:cover;--awb-width-large:50%;--awb-margin-top-large:0px;--awb-spacing-right-large:3.84%;--awb-margin-bottom-large:0px;--awb-spacing-left-large:3.84%;--awb-width-medium:50%;--awb-order-medium:0;--awb-spacing-right-medium:3.84%;--awb-spacing-left-medium:3.84%;--awb-width-small:100%;--awb-order-small:0;--awb-spacing-right-small:1.92%;--awb-spacing-left-small:1.92%;\"><div class=\"fusion-column-wrapper fusion-column-has-shadow fusion-flex-justify-content-flex-start fusion-content-layout-column\"><div class=\"fusion-separator fusion-no-medium-visibility fusion-no-large-visibility fusion-full-width-sep\" style=\"align-self: center;margin-left: auto;margin-right: auto;margin-top:20px;width:100%;\"><\/div><div style=\"text-align:center;\"><a class=\"fusion-button button-flat fusion-button-default-size button-default fusion-button-default button-1 fusion-button-default-span fusion-button-default-type\" style=\"--button-border-radius-top-left:0;--button-border-radius-top-right:0;--button-border-radius-bottom-right:0;--button-border-radius-bottom-left:0;\" target=\"_self\" href=\"https:\/\/2024new.mountainproguiding.com\/pl\/przewodnictwo-w-gorach\/tatrzanskie-szczyty\/\"><span class=\"fusion-button-text\">Tatrza\u0144skie szczyty<\/span><\/a><\/div><div class=\"fusion-separator fusion-full-width-sep\" style=\"align-self: center;margin-left: auto;margin-right: auto;margin-top:40px;width:100%;\"><\/div><div style=\"text-align:center;\"><a class=\"fusion-button button-flat fusion-button-default-size button-default fusion-button-default button-2 fusion-button-default-span fusion-button-default-type\" style=\"--button-border-radius-top-left:0;--button-border-radius-top-right:0;--button-border-radius-bottom-right:0;--button-border-radius-bottom-left:0;\" target=\"_self\" href=\"https:\/\/2024new.mountainproguiding.com\/pl\/przewodnictwo-w-gorach\/skialpinizm\/\"><span class=\"fusion-button-text\">Skialpinizm<\/span><\/a><\/div><div class=\"fusion-separator fusion-full-width-sep\" style=\"align-self: center;margin-left: auto;margin-right: auto;margin-top:40px;width:100%;\"><\/div><div style=\"text-align:center;\"><a class=\"fusion-button button-flat fusion-button-default-size button-default fusion-button-default button-3 fusion-button-default-span fusion-button-default-type\" style=\"--button-border-radius-top-left:0;--button-border-radius-top-right:0;--button-border-radius-bottom-right:0;--button-border-radius-bottom-left:0;\" target=\"_self\" href=\"https:\/\/2024new.mountainproguiding.com\/pl\/kontakt\/\"><span class=\"fusion-button-text\">Chod\u017amy w \u015bwiat<\/span><\/a><\/div><\/div><\/div><\/div><\/div><div class=\"fusion-fullwidth fullwidth-box fusion-builder-row-3 fusion-flex-container has-pattern-background has-mask-background nonhundred-percent-fullwidth non-hundred-percent-height-scrolling\" style=\"--awb-border-radius-top-left:0px;--awb-border-radius-top-right:0px;--awb-border-radius-bottom-right:0px;--awb-border-radius-bottom-left:0px;--awb-margin-top:40px;--awb-flex-wrap:wrap;\" ><div class=\"fusion-builder-row fusion-row fusion-flex-align-items-center fusion-flex-content-wrap\" style=\"max-width:1248px;margin-left: calc(-4% \/ 2 );margin-right: calc(-4% \/ 2 );\"><div class=\"fusion-layout-column fusion_builder_column fusion-builder-column-4 fusion_builder_column_1_2 1_2 fusion-flex-column\" style=\"--awb-bg-size:cover;--awb-width-large:50%;--awb-margin-top-large:0px;--awb-spacing-right-large:3.84%;--awb-margin-bottom-large:0px;--awb-spacing-left-large:3.84%;--awb-width-medium:50%;--awb-order-medium:0;--awb-spacing-right-medium:3.84%;--awb-spacing-left-medium:3.84%;--awb-width-small:100%;--awb-order-small:0;--awb-spacing-right-small:1.92%;--awb-spacing-left-small:1.92%;\"><div class=\"fusion-column-wrapper fusion-column-has-shadow fusion-flex-justify-content-flex-start fusion-content-layout-column\"><div class=\"fusion-title title fusion-title-3 fusion-sep-none fusion-title-text fusion-title-size-two\"><h2 class=\"fusion-title-heading title-heading-left\" style=\"margin:0;text-transform:uppercase;\">Przygoda szyta na miar\u0119<\/h2><\/div><div class=\"fusion-separator\" style=\"align-self: flex-start;margin-right:auto;margin-top:0px;margin-bottom:15px;width:100%;max-width:80px;\"><div class=\"fusion-separator-border sep-single\" style=\"--awb-height:20px;--awb-amount:20px;border-color:var(--awb-color5);border-top-width:3px;\"><\/div><\/div><div class=\"fusion-text fusion-text-3\"><p>Opowiedz nam o swoich przygodach, a my z przyjemno\u015bci\u0105 pomo\u017cemy Ci je spe\u0142ni\u0107.<\/p>\n<p><strong>Nasi przewodnicy g\u00f3rscy z ch\u0119ci\u0105 zabior\u0105 Pa\u0144stwa do:<\/strong><\/p>\n<ul>\n<li>Podjazdy na szczyty Tatr<\/li>\n<li>Heli-skiing w Kanadzie<\/li>\n<li>Wycieczki wspinaczkowe<\/li>\n<li>Wycieczki narciarskie<\/li>\n<li>Trekking za granic\u0105<\/li>\n<li>Wspinaczka po lodospadach<\/li>\n<li>Budowanie zespo\u0142u w g\u00f3rach<\/li>\n<\/ul>\n<\/div><\/div><\/div><div class=\"fusion-layout-column fusion_builder_column fusion-builder-column-5 fusion_builder_column_1_2 1_2 fusion-flex-column\" style=\"--awb-bg-size:cover;--awb-width-large:50%;--awb-margin-top-large:0px;--awb-spacing-right-large:3.84%;--awb-margin-bottom-large:0px;--awb-spacing-left-large:3.84%;--awb-width-medium:50%;--awb-order-medium:0;--awb-spacing-right-medium:3.84%;--awb-spacing-left-medium:3.84%;--awb-width-small:100%;--awb-order-small:0;--awb-spacing-right-small:1.92%;--awb-spacing-left-small:1.92%;\"><div class=\"fusion-column-wrapper fusion-column-has-shadow fusion-flex-justify-content-flex-start fusion-content-layout-column\"><div class=\"fusion-separator fusion-no-medium-visibility fusion-no-large-visibility fusion-full-width-sep\" style=\"align-self: center;margin-left: auto;margin-right: auto;margin-top:20px;width:100%;\"><\/div><div class=\"fusion-image-element \" style=\"text-align:center;--awb-caption-title-font-family:var(--h2_typography-font-family);--awb-caption-title-font-weight:var(--h2_typography-font-weight);--awb-caption-title-font-style:var(--h2_typography-font-style);--awb-caption-title-size:var(--h2_typography-font-size);--awb-caption-title-transform:var(--h2_typography-text-transform);--awb-caption-title-line-height:var(--h2_typography-line-height);--awb-caption-title-letter-spacing:var(--h2_typography-letter-spacing);\"><span class=\" fusion-imageframe imageframe-none imageframe-2 hover-type-none\"><img decoding=\"async\" width=\"460\" height=\"460\" title=\"fitz-roy-patagonia\" src=\"https:\/\/2024new.mountainproguiding.com\/wp-content\/uploads\/2024\/03\/fitz-roy-patagonia.jpg\" alt class=\"img-responsive wp-image-398\" srcset=\"https:\/\/2024new.mountainproguiding.com\/wp-content\/uploads\/2024\/03\/fitz-roy-patagonia-200x200.jpg 200w, https:\/\/2024new.mountainproguiding.com\/wp-content\/uploads\/2024\/03\/fitz-roy-patagonia-400x400.jpg 400w, https:\/\/2024new.mountainproguiding.com\/wp-content\/uploads\/2024\/03\/fitz-roy-patagonia.jpg 460w\" sizes=\"(max-width: 640px) 100vw, 460px\" \/><\/span><\/div><\/div><\/div><\/div><\/div><div class=\"fusion-fullwidth fullwidth-box fusion-builder-row-4 fusion-flex-container has-pattern-background has-mask-background nonhundred-percent-fullwidth non-hundred-percent-height-scrolling\" style=\"--awb-border-radius-top-left:0px;--awb-border-radius-top-right:0px;--awb-border-radius-bottom-right:0px;--awb-border-radius-bottom-left:0px;--awb-padding-top:40px;--awb-padding-bottom:45px;--awb-margin-top:60px;--awb-background-color:var(--awb-color3);--awb-flex-wrap:wrap;\" ><div class=\"fusion-builder-row fusion-row fusion-flex-align-items-center fusion-flex-content-wrap\" style=\"max-width:1248px;margin-left: calc(-4% \/ 2 );margin-right: calc(-4% \/ 2 );\"><div class=\"fusion-layout-column fusion_builder_column fusion-builder-column-6 fusion_builder_column_1_2 1_2 fusion-flex-column\" style=\"--awb-bg-size:cover;--awb-width-large:50%;--awb-margin-top-large:0px;--awb-spacing-right-large:3.84%;--awb-margin-bottom-large:0px;--awb-spacing-left-large:3.84%;--awb-width-medium:50%;--awb-order-medium:0;--awb-spacing-right-medium:3.84%;--awb-spacing-left-medium:3.84%;--awb-width-small:100%;--awb-order-small:0;--awb-spacing-right-small:1.92%;--awb-spacing-left-small:1.92%;\" data-scroll-devices=\"small-visibility,medium-visibility,large-visibility\"><div class=\"fusion-column-wrapper fusion-column-has-shadow fusion-flex-justify-content-flex-start fusion-content-layout-column\"><div class=\"fusion-image-element \" style=\"text-align:center;--awb-mask-url: url(https:\/\/2024new.mountainproguiding.com\/wp-content\/plugins\/fusion-builder\/\/assets\/images\/masks\/mask-12.svg);--awb-max-width:200px;--awb-caption-title-font-family:var(--h2_typography-font-family);--awb-caption-title-font-weight:var(--h2_typography-font-weight);--awb-caption-title-font-style:var(--h2_typography-font-style);--awb-caption-title-size:var(--h2_typography-font-size);--awb-caption-title-transform:var(--h2_typography-text-transform);--awb-caption-title-line-height:var(--h2_typography-line-height);--awb-caption-title-letter-spacing:var(--h2_typography-letter-spacing);\"><span class=\" fusion-imageframe imageframe-none imageframe-3 hover-type-none has-mask\"><img decoding=\"async\" width=\"300\" height=\"300\" title=\"mate-otazku-novy\" src=\"https:\/\/2024new.mountainproguiding.com\/wp-content\/uploads\/2024\/03\/mate-otazku-novy.jpg\" alt class=\"img-responsive wp-image-165\" srcset=\"https:\/\/2024new.mountainproguiding.com\/wp-content\/uploads\/2024\/03\/mate-otazku-novy-200x200.jpg 200w, https:\/\/2024new.mountainproguiding.com\/wp-content\/uploads\/2024\/03\/mate-otazku-novy.jpg 300w\" sizes=\"(max-width: 640px) 100vw, 300px\" \/><\/span><\/div><\/div><\/div><div class=\"fusion-layout-column fusion_builder_column fusion-builder-column-7 fusion_builder_column_1_2 1_2 fusion-flex-column\" style=\"--awb-bg-size:cover;--awb-width-large:50%;--awb-margin-top-large:0px;--awb-spacing-right-large:3.84%;--awb-margin-bottom-large:0px;--awb-spacing-left-large:3.84%;--awb-width-medium:50%;--awb-order-medium:0;--awb-spacing-right-medium:3.84%;--awb-spacing-left-medium:3.84%;--awb-width-small:100%;--awb-order-small:0;--awb-margin-top-small:30px;--awb-spacing-right-small:1.92%;--awb-spacing-left-small:1.92%;\" data-scroll-devices=\"small-visibility,medium-visibility,large-visibility\"><div class=\"fusion-column-wrapper fusion-column-has-shadow fusion-flex-justify-content-flex-start fusion-content-layout-column\"><div class=\"fusion-title title fusion-title-4 fusion-sep-none fusion-title-text fusion-title-size-one\"><h1 class=\"fusion-title-heading title-heading-left\" style=\"margin:0;text-transform:uppercase;\">Masz pytanie?<\/h1><\/div><div class=\"fusion-separator\" style=\"align-self: flex-start;margin-right:auto;margin-top:5px;margin-bottom:20px;width:100%;max-width:80px;\"><div class=\"fusion-separator-border sep-single\" style=\"--awb-height:20px;--awb-amount:20px;border-color:var(--awb-color5);border-top-width:3px;\"><\/div><\/div><div class=\"fusion-text fusion-text-4\"><p>Ch\u0119tnie doradzimy, pomo\u017cemy w wyborze lub przygotujemy przygod\u0119 szyt\u0105 na miar\u0119. Spe\u0142nij swoje marzenie.<\/p>\n<\/div><div ><a class=\"fusion-button button-flat fusion-button-default-size button-default fusion-button-default button-4 fusion-button-default-span fusion-button-default-type\" style=\"--button-border-radius-top-left:0;--button-border-radius-top-right:0;--button-border-radius-bottom-right:0;--button-border-radius-bottom-left:0;\" target=\"_self\" href=\"https:\/\/2024new.mountainproguiding.com\/pl\/kontakt\/\"><span class=\"fusion-button-text\">Ch\u0119tnie pomo\u017cemy<\/span><\/a><\/div><\/div><\/div><\/div><\/div>\n<\/p>\n","protected":false},"excerpt":{"rendered":"","protected":false},"author":1,"featured_media":0,"parent":0,"menu_order":0,"comment_status":"closed","ping_status":"closed","template":"100-width.php","meta":{"footnotes":""},"class_list":["post-1631","page","type-page","status-publish","hentry"],"yoast_head":"<!-- This site is optimized with the Yoast SEO plugin v22.6 - https:\/\/yoast.com\/wordpress\/plugins\/seo\/ -->\n<title>Przewodnik g\u00f3rski \u2013 Przewodnicy g\u00f3rscy - 2024 Mountain Pro Guiding<\/title>\n<meta name=\"description\" content=\"Przewodnik g\u00f3rski jest zabezpieczeniem klienta w g\u00f3rach. Nasi przewodnicy g\u00f3rscy pomog\u0105 Ci spe\u0142ni\u0107 Twoje marzenia, pocz\u0105wszy od wspinaczek na szczyty Tatr, jazdy na nartach helikopterowych, a\u017c po r\u00f3\u017cnorodne wycieczki wspinaczkowe i skialpinistyczne.\" \/>\n<meta name=\"robots\" content=\"index, follow, max-snippet:-1, max-image-preview:large, max-video-preview:-1\" \/>\n<link rel=\"canonical\" href=\"https:\/\/2024new.mountainproguiding.com\/pl\/przewodnictwo-w-gorach\/\" \/>\n<meta property=\"og:locale\" content=\"pl_PL\" \/>\n<meta property=\"og:type\" content=\"article\" \/>\n<meta property=\"og:title\" content=\"Przewodnik g\u00f3rski \u2013 Przewodnicy g\u00f3rscy - 2024 Mountain Pro Guiding\" \/>\n<meta property=\"og:description\" content=\"Przewodnik g\u00f3rski jest zabezpieczeniem klienta w g\u00f3rach. Nasi przewodnicy g\u00f3rscy pomog\u0105 Ci spe\u0142ni\u0107 Twoje marzenia, pocz\u0105wszy od wspinaczek na szczyty Tatr, jazdy na nartach helikopterowych, a\u017c po r\u00f3\u017cnorodne wycieczki wspinaczkowe i skialpinistyczne.\" \/>\n<meta property=\"og:url\" content=\"https:\/\/2024new.mountainproguiding.com\/pl\/przewodnictwo-w-gorach\/\" \/>\n<meta property=\"og:site_name\" content=\"2024 Mountain Pro Guiding\" \/>\n<meta property=\"article:modified_time\" content=\"2024-05-02T15:14:20+00:00\" \/>\n<meta name=\"twitter:card\" content=\"summary_large_image\" \/>\n<meta name=\"twitter:label1\" content=\"Szacowany czas czytania\" \/>\n\t<meta name=\"twitter:data1\" content=\"2 minuty\" \/>\n<script type=\"application\/ld+json\" class=\"yoast-schema-graph\">{\"@context\":\"https:\/\/schema.org\",\"@graph\":[{\"@type\":\"WebPage\",\"@id\":\"https:\/\/2024new.mountainproguiding.com\/pl\/przewodnictwo-w-gorach\/\",\"url\":\"https:\/\/2024new.mountainproguiding.com\/pl\/przewodnictwo-w-gorach\/\",\"name\":\"Przewodnik g\u00f3rski \u2013 Przewodnicy g\u00f3rscy - 2024 Mountain Pro Guiding\",\"isPartOf\":{\"@id\":\"https:\/\/2024new.mountainproguiding.com\/#website\"},\"datePublished\":\"2024-04-30T23:01:04+00:00\",\"dateModified\":\"2024-05-02T15:14:20+00:00\",\"description\":\"Przewodnik g\u00f3rski jest zabezpieczeniem klienta w g\u00f3rach. Nasi przewodnicy g\u00f3rscy pomog\u0105 Ci spe\u0142ni\u0107 Twoje marzenia, pocz\u0105wszy od wspinaczek na szczyty Tatr, jazdy na nartach helikopterowych, a\u017c po r\u00f3\u017cnorodne wycieczki wspinaczkowe i skialpinistyczne.\",\"breadcrumb\":{\"@id\":\"https:\/\/2024new.mountainproguiding.com\/pl\/przewodnictwo-w-gorach\/#breadcrumb\"},\"inLanguage\":\"pl-PL\",\"potentialAction\":[{\"@type\":\"ReadAction\",\"target\":[\"https:\/\/2024new.mountainproguiding.com\/pl\/przewodnictwo-w-gorach\/\"]}]},{\"@type\":\"BreadcrumbList\",\"@id\":\"https:\/\/2024new.mountainproguiding.com\/pl\/przewodnictwo-w-gorach\/#breadcrumb\",\"itemListElement\":[{\"@type\":\"ListItem\",\"position\":1,\"name\":\"Domovsk\u00e1 str\u00e1nka\",\"item\":\"https:\/\/2024new.mountainproguiding.com\/pl\/\"},{\"@type\":\"ListItem\",\"position\":2,\"name\":\"Przewodnictwo\"}]},{\"@type\":\"WebSite\",\"@id\":\"https:\/\/2024new.mountainproguiding.com\/#website\",\"url\":\"https:\/\/2024new.mountainproguiding.com\/\",\"name\":\"2024 Mountain Pro Guiding\",\"description\":\"Horsk\u00ed vodcovia z Mountain Pro Guiding - Vysok\u00e9 Tatry\",\"potentialAction\":[{\"@type\":\"SearchAction\",\"target\":{\"@type\":\"EntryPoint\",\"urlTemplate\":\"https:\/\/2024new.mountainproguiding.com\/?s={search_term_string}\"},\"query-input\":\"required name=search_term_string\"}],\"inLanguage\":\"pl-PL\"}]}<\/script>\n<!-- \/ Yoast SEO plugin. -->","yoast_head_json":{"title":"Przewodnik g\u00f3rski \u2013 Przewodnicy g\u00f3rscy - 2024 Mountain Pro Guiding","description":"Przewodnik g\u00f3rski jest zabezpieczeniem klienta w g\u00f3rach. Nasi przewodnicy g\u00f3rscy pomog\u0105 Ci spe\u0142ni\u0107 Twoje marzenia, pocz\u0105wszy od wspinaczek na szczyty Tatr, jazdy na nartach helikopterowych, a\u017c po r\u00f3\u017cnorodne wycieczki wspinaczkowe i skialpinistyczne.","robots":{"index":"index","follow":"follow","max-snippet":"max-snippet:-1","max-image-preview":"max-image-preview:large","max-video-preview":"max-video-preview:-1"},"canonical":"https:\/\/2024new.mountainproguiding.com\/pl\/przewodnictwo-w-gorach\/","og_locale":"pl_PL","og_type":"article","og_title":"Przewodnik g\u00f3rski \u2013 Przewodnicy g\u00f3rscy - 2024 Mountain Pro Guiding","og_description":"Przewodnik g\u00f3rski jest zabezpieczeniem klienta w g\u00f3rach. Nasi przewodnicy g\u00f3rscy pomog\u0105 Ci spe\u0142ni\u0107 Twoje marzenia, pocz\u0105wszy od wspinaczek na szczyty Tatr, jazdy na nartach helikopterowych, a\u017c po r\u00f3\u017cnorodne wycieczki wspinaczkowe i skialpinistyczne.","og_url":"https:\/\/2024new.mountainproguiding.com\/pl\/przewodnictwo-w-gorach\/","og_site_name":"2024 Mountain Pro Guiding","article_modified_time":"2024-05-02T15:14:20+00:00","twitter_card":"summary_large_image","twitter_misc":{"Szacowany czas czytania":"2 minuty"},"schema":{"@context":"https:\/\/schema.org","@graph":[{"@type":"WebPage","@id":"https:\/\/2024new.mountainproguiding.com\/pl\/przewodnictwo-w-gorach\/","url":"https:\/\/2024new.mountainproguiding.com\/pl\/przewodnictwo-w-gorach\/","name":"Przewodnik g\u00f3rski \u2013 Przewodnicy g\u00f3rscy - 2024 Mountain Pro Guiding","isPartOf":{"@id":"https:\/\/2024new.mountainproguiding.com\/#website"},"datePublished":"2024-04-30T23:01:04+00:00","dateModified":"2024-05-02T15:14:20+00:00","description":"Przewodnik g\u00f3rski jest zabezpieczeniem klienta w g\u00f3rach. Nasi przewodnicy g\u00f3rscy pomog\u0105 Ci spe\u0142ni\u0107 Twoje marzenia, pocz\u0105wszy od wspinaczek na szczyty Tatr, jazdy na nartach helikopterowych, a\u017c po r\u00f3\u017cnorodne wycieczki wspinaczkowe i skialpinistyczne.","breadcrumb":{"@id":"https:\/\/2024new.mountainproguiding.com\/pl\/przewodnictwo-w-gorach\/#breadcrumb"},"inLanguage":"pl-PL","potentialAction":[{"@type":"ReadAction","target":["https:\/\/2024new.mountainproguiding.com\/pl\/przewodnictwo-w-gorach\/"]}]},{"@type":"BreadcrumbList","@id":"https:\/\/2024new.mountainproguiding.com\/pl\/przewodnictwo-w-gorach\/#breadcrumb","itemListElement":[{"@type":"ListItem","position":1,"name":"Domovsk\u00e1 str\u00e1nka","item":"https:\/\/2024new.mountainproguiding.com\/pl\/"},{"@type":"ListItem","position":2,"name":"Przewodnictwo"}]},{"@type":"WebSite","@id":"https:\/\/2024new.mountainproguiding.com\/#website","url":"https:\/\/2024new.mountainproguiding.com\/","name":"2024 Mountain Pro Guiding","description":"Horsk\u00ed vodcovia z Mountain Pro Guiding - Vysok\u00e9 Tatry","potentialAction":[{"@type":"SearchAction","target":{"@type":"EntryPoint","urlTemplate":"https:\/\/2024new.mountainproguiding.com\/?s={search_term_string}"},"query-input":"required name=search_term_string"}],"inLanguage":"pl-PL"}]}},"_links":{"self":[{"href":"https:\/\/2024new.mountainproguiding.com\/pl\/wp-json\/wp\/v2\/pages\/1631","targetHints":{"allow":["GET"]}}],"collection":[{"href":"https:\/\/2024new.mountainproguiding.com\/pl\/wp-json\/wp\/v2\/pages"}],"about":[{"href":"https:\/\/2024new.mountainproguiding.com\/pl\/wp-json\/wp\/v2\/types\/page"}],"author":[{"embeddable":true,"href":"https:\/\/2024new.mountainproguiding.com\/pl\/wp-json\/wp\/v2\/users\/1"}],"replies":[{"embeddable":true,"href":"https:\/\/2024new.mountainproguiding.com\/pl\/wp-json\/wp\/v2\/comments?post=1631"}],"version-history":[{"count":1,"href":"https:\/\/2024new.mountainproguiding.com\/pl\/wp-json\/wp\/v2\/pages\/1631\/revisions"}],"predecessor-version":[{"id":1868,"href":"https:\/\/2024new.mountainproguiding.com\/pl\/wp-json\/wp\/v2\/pages\/1631\/revisions\/1868"}],"wp:attachment":[{"href":"https:\/\/2024new.mountainproguiding.com\/pl\/wp-json\/wp\/v2\/media?parent=1631"}],"curies":[{"name":"wp","href":"https:\/\/api.w.org\/{rel}","templated":true}]}}